{"id":4813,"date":"2024-04-26T09:38:48","date_gmt":"2024-04-26T07:38:48","guid":{"rendered":"https:\/\/www.detacmed.com\/dealer-login\/"},"modified":"2024-05-29T14:44:00","modified_gmt":"2024-05-29T12:44:00","slug":"dealer-login","status":"publish","type":"page","link":"https:\/\/www.detacmed.com\/en\/dealer-login\/","title":{"rendered":"Dealer-Login"},"content":{"rendered":"\t\t<div data-elementor-type=\"wp-page\" data-elementor-id=\"4813\" class=\"elementor elementor-4813\" data-elementor-post-type=\"page\">\n\t\t\t\t\t\t<section class=\"elementor-section elementor-top-section elementor-element elementor-element-0e0897e elementor-section-height-min-height jedv-enabled--yes elementor-section-boxed elementor-section-height-default elementor-section-items-middle\" data-id=\"0e0897e\" data-element_type=\"section\" data-e-type=\"section\" data-settings=\"{&quot;background_background&quot;:&quot;classic&quot;,&quot;jet_parallax_layout_list&quot;:[]}\">\n\t\t\t\t\t\t\t<div class=\"elementor-background-overlay\"><\/div>\n\t\t\t\t\t\t\t<div class=\"elementor-container elementor-column-gap-default\">\n\t\t\t\t\t<div class=\"elementor-column elementor-col-100 elementor-top-column elementor-element elementor-element-062ef00\" data-id=\"062ef00\" data-element_type=\"column\" data-e-type=\"column\">\n\t\t\t<div class=\"elementor-widget-wrap elementor-element-populated\">\n\t\t\t\t\t\t<div class=\"elementor-element elementor-element-0288573 elementor-invisible elementor-widget elementor-widget-heading\" data-id=\"0288573\" data-element_type=\"widget\" data-e-type=\"widget\" data-settings=\"{&quot;_animation&quot;:&quot;fadeIn&quot;,&quot;_animation_delay&quot;:0}\" data-widget_type=\"heading.default\">\n\t\t\t\t<div class=\"elementor-widget-container\">\n\t\t\t\t\t<h1 class=\"elementor-heading-title elementor-size-default\">Our dealer area for individual documents<\/h1>\t\t\t\t<\/div>\n\t\t\t\t<\/div>\n\t\t\t\t<div class=\"elementor-element elementor-element-a994358 animated-fast elementor-invisible elementor-widget elementor-widget-text-editor\" data-id=\"a994358\" data-element_type=\"widget\" data-e-type=\"widget\" data-settings=\"{&quot;_animation&quot;:&quot;fadeIn&quot;,&quot;_animation_delay&quot;:300}\" data-widget_type=\"text-editor.default\">\n\t\t\t\t<div class=\"elementor-widget-container\">\n\t\t\t\t\t\t\t\t\t<p>Here you will find documents, contact persons and prices. Log in with your user data and discover the DEHAS dealer world.<\/p>\n\t\t\t\t\t\t\t\t<\/div>\n\t\t\t\t<\/div>\n\t\t\t\t<div class=\"elementor-element elementor-element-e1ddd29 elementor-align-center animated-fast elementor-widget__width-auto elementor-invisible elementor-widget elementor-widget-button\" data-id=\"e1ddd29\" data-element_type=\"widget\" data-e-type=\"widget\" data-settings=\"{&quot;_animation&quot;:&quot;fadeIn&quot;,&quot;_animation_delay&quot;:500}\" data-widget_type=\"button.default\">\n\t\t\t\t<div class=\"elementor-widget-container\">\n\t\t\t\t\t\t\t\t\t<div class=\"elementor-button-wrapper\">\n\t\t\t\t\t<a class=\"elementor-button elementor-button-link elementor-size-sm\" href=\"#anmelden\">\n\t\t\t\t\t\t<span class=\"elementor-button-content-wrapper\">\n\t\t\t\t\t\t\t\t\t<span class=\"elementor-button-text\">Log in directly<\/span>\n\t\t\t\t\t<\/span>\n\t\t\t\t\t<\/a>\n\t\t\t\t<\/div>\n\t\t\t\t\t\t\t\t<\/div>\n\t\t\t\t<\/div>\n\t\t\t\t<div class=\"elementor-element elementor-element-232f6cd elementor-align-center animated-fast elementor-widget__width-auto elementor-invisible elementor-widget elementor-widget-button\" data-id=\"232f6cd\" data-element_type=\"widget\" data-e-type=\"widget\" data-settings=\"{&quot;_animation&quot;:&quot;fadeIn&quot;,&quot;_animation_delay&quot;:500}\" data-widget_type=\"button.default\">\n\t\t\t\t<div class=\"elementor-widget-container\">\n\t\t\t\t\t\t\t\t\t<div class=\"elementor-button-wrapper\">\n\t\t\t\t\t<a class=\"elementor-button elementor-size-sm\" role=\"button\">\n\t\t\t\t\t\t<span class=\"elementor-button-content-wrapper\">\n\t\t\t\t\t\t\t\t\t<span class=\"elementor-button-text\">Become a dealer &gt;<\/span>\n\t\t\t\t\t<\/span>\n\t\t\t\t\t<\/a>\n\t\t\t\t<\/div>\n\t\t\t\t\t\t\t\t<\/div>\n\t\t\t\t<\/div>\n\t\t\t\t\t<\/div>\n\t\t<\/div>\n\t\t\t\t\t<\/div>\n\t\t<\/section>\n\t\t\t\t<section class=\"elementor-section elementor-top-section elementor-element elementor-element-0fe0996 elementor-section-height-min-height jedv-enabled--yes elementor-section-boxed elementor-section-height-default elementor-section-items-middle\" data-id=\"0fe0996\" data-element_type=\"section\" data-e-type=\"section\" id=\"login\" data-settings=\"{&quot;jet_parallax_layout_list&quot;:[],&quot;background_background&quot;:&quot;classic&quot;}\">\n\t\t\t\t\t\t<div class=\"elementor-container elementor-column-gap-default\">\n\t\t\t\t\t<div class=\"elementor-column elementor-col-100 elementor-top-column elementor-element elementor-element-0d2f641\" data-id=\"0d2f641\" data-element_type=\"column\" data-e-type=\"column\">\n\t\t\t<div class=\"elementor-widget-wrap elementor-element-populated\">\n\t\t\t\t\t\t<div class=\"elementor-element elementor-element-6a1caed elementor-widget elementor-widget-menu-anchor\" data-id=\"6a1caed\" data-element_type=\"widget\" data-e-type=\"widget\" data-widget_type=\"menu-anchor.default\">\n\t\t\t\t<div class=\"elementor-widget-container\">\n\t\t\t\t\t\t\t<div class=\"elementor-menu-anchor\" id=\"register\"><\/div>\n\t\t\t\t\t\t<\/div>\n\t\t\t\t<\/div>\n\t\t\t\t<div class=\"elementor-element elementor-element-6315700 elementor-widget elementor-widget-heading\" data-id=\"6315700\" data-element_type=\"widget\" data-e-type=\"widget\" data-widget_type=\"heading.default\">\n\t\t\t\t<div class=\"elementor-widget-container\">\n\t\t\t\t\t<h2 class=\"elementor-heading-title elementor-size-default\">Dealer registration<\/h2>\t\t\t\t<\/div>\n\t\t\t\t<\/div>\n\t\t\t\t<div class=\"elementor-element elementor-element-551dbeb elementor-widget elementor-widget-login\" data-id=\"551dbeb\" data-element_type=\"widget\" data-e-type=\"widget\" data-widget_type=\"login.default\">\n\t\t\t\t<div class=\"elementor-widget-container\">\n\t\t\t\t\t\t\t<form class=\"elementor-login elementor-form\" method=\"post\" action=\"https:\/\/www.detacmed.com\/wp-login.php\" aria-label=\"Login form\">\n\t\t\t<input type=\"hidden\" name=\"redirect_to\" value=\"\/en\/wp-json\/wp\/v2\/pages\/4813\">\n\t\t\t<div class=\"elementor-form-fields-wrapper\">\n\t\t\t\t<div class=\"elementor-field-type-text elementor-field-group elementor-column elementor-col-100 elementor-field-required\">\n\t\t\t\t\t<label for=\"user-551dbeb\" class=\"elementor-field-label\">Email<\/label>\n\t\t\t\t\t<input size=\"1\" type=\"text\" name=\"log\" id=\"user-551dbeb\" placeholder=\"\" class=\"elementor-field elementor-field-textual elementor-size-sm\">\n\t\t\t\t<\/div>\n\t\t\t\t<div class=\"elementor-field-type-text elementor-field-group elementor-column elementor-col-100 elementor-field-required\">\n\t\t\t\t\t<label for=\"password-551dbeb\" class=\"elementor-field-label\">Password<\/label>\n\t\t\t\t\t<input size=\"1\" type=\"password\" name=\"pwd\" id=\"password-551dbeb\" placeholder=\"\" class=\"elementor-field elementor-field-textual elementor-size-sm\">\n\t\t\t\t<\/div>\n\n\t\t\t\t\t\t\t\t\t<div class=\"elementor-field-type-checkbox elementor-field-group elementor-column elementor-col-100 elementor-remember-me\">\n\t\t\t\t\t\t<label for=\"elementor-login-remember-me\">\n\t\t\t\t\t\t\t<input type=\"checkbox\" id=\"elementor-login-remember-me\" name=\"rememberme\" value=\"forever\">\n\t\t\t\t\t\t\tRemember Me\t\t\t\t\t\t<\/label>\n\t\t\t\t\t<\/div>\n\t\t\t\t\n\t\t\t\t<div class=\"elementor-field-group elementor-column elementor-field-type-submit elementor-col-100\">\n\t\t\t\t\t<button type=\"submit\" class=\"elementor-size-sm elementor-button\" name=\"wp-submit\">\n\t\t\t\t\t\t\t\t\t\t\t\t\t\t\t<span class=\"elementor-button-text\">Log in<\/span>\n\t\t\t\t\t\t\t\t\t\t\t\t<\/button>\n\t\t\t\t<\/div>\n\n\t\t\t\t\t\t\t<\/div>\n\t\t<\/form>\n\t\t\t\t\t\t<\/div>\n\t\t\t\t<\/div>\n\t\t\t\t\t<\/div>\n\t\t<\/div>\n\t\t\t\t\t<\/div>\n\t\t<\/section>\n\t\t\t\t<\/div>\n\t\t","protected":false},"excerpt":{"rendered":"<p>Our dealer area for individual documents Here you will find documents, contact persons and prices. Log in with your user data and discover the DEHAS dealer world. Log in directly Become a dealer &gt; Dealer registration (i) Incorrect username or password Price listsNews for dealersProduct images Ihre individuelle Preisliste News f\u00fcr H\u00e4ndler keine Beitr\u00e4ge gefunden [&hellip;]<\/p>\n","protected":false},"author":3,"featured_media":0,"parent":0,"menu_order":0,"comment_status":"closed","ping_status":"closed","template":"","meta":{"footnotes":""},"class_list":["post-4813","page","type-page","status-publish","hentry"],"yoast_head":"<!-- This site is optimized with the Yoast SEO plugin v27.5 - https:\/\/yoast.com\/product\/yoast-seo-wordpress\/ -->\n<title>Dealer-Login | DeTacMed<\/title>\n<meta name=\"robots\" content=\"index, follow, max-snippet:-1, max-image-preview:large, max-video-preview:-1\" \/>\n<link rel=\"canonical\" href=\"https:\/\/www.detacmed.com\/en\/dealer-login\/\" \/>\n<meta property=\"og:locale\" content=\"en_US\" \/>\n<meta property=\"og:type\" content=\"article\" \/>\n<meta property=\"og:title\" content=\"Dealer-Login | DeTacMed\" \/>\n<meta property=\"og:description\" content=\"Our dealer area for individual documents Here you will find documents, contact persons and prices. Log in with your user data and discover the DEHAS dealer world. Log in directly Become a dealer &gt; Dealer registration (i) Incorrect username or password Price listsNews for dealersProduct images Ihre individuelle Preisliste News f\u00fcr H\u00e4ndler keine Beitr\u00e4ge gefunden [&hellip;]\" \/>\n<meta property=\"og:url\" content=\"https:\/\/www.detacmed.com\/en\/dealer-login\/\" \/>\n<meta property=\"og:site_name\" content=\"DeTacMed\" \/>\n<meta property=\"article:modified_time\" content=\"2024-05-29T12:44:00+00:00\" \/>\n<meta property=\"og:image\" content=\"https:\/\/www.detacmed.com\/wp-content\/uploads\/2023\/05\/IFAK-mit-Logo-279x300.png\" \/>\n<meta name=\"twitter:card\" content=\"summary_large_image\" \/>\n<meta name=\"twitter:label1\" content=\"Est. reading time\" \/>\n\t<meta name=\"twitter:data1\" content=\"1 minute\" \/>\n<!-- \/ Yoast SEO plugin. -->","yoast_head_json":{"title":"Dealer-Login | DeTacMed","robots":{"index":"index","follow":"follow","max-snippet":"max-snippet:-1","max-image-preview":"max-image-preview:large","max-video-preview":"max-video-preview:-1"},"canonical":"https:\/\/www.detacmed.com\/en\/dealer-login\/","og_locale":"en_US","og_type":"article","og_title":"Dealer-Login | DeTacMed","og_description":"Our dealer area for individual documents Here you will find documents, contact persons and prices. Log in with your user data and discover the DEHAS dealer world. Log in directly Become a dealer &gt; Dealer registration (i) Incorrect username or password Price listsNews for dealersProduct images Ihre individuelle Preisliste News f\u00fcr H\u00e4ndler keine Beitr\u00e4ge gefunden [&hellip;]","og_url":"https:\/\/www.detacmed.com\/en\/dealer-login\/","og_site_name":"DeTacMed","article_modified_time":"2024-05-29T12:44:00+00:00","og_image":[{"url":"https:\/\/www.detacmed.com\/wp-content\/uploads\/2023\/05\/IFAK-mit-Logo-279x300.png","type":"","width":"","height":""}],"twitter_card":"summary_large_image","twitter_misc":{"Est. reading time":"1 minute"},"schema":{"@context":"https:\/\/schema.org","@graph":[{"@type":"WebPage","@id":"https:\/\/www.detacmed.com\/en\/dealer-login\/","url":"https:\/\/www.detacmed.com\/en\/dealer-login\/","name":"Dealer-Login | DeTacMed","isPartOf":{"@id":"https:\/\/www.detacmed.com\/en\/#website"},"primaryImageOfPage":{"@id":"https:\/\/www.detacmed.com\/en\/dealer-login\/#primaryimage"},"image":{"@id":"https:\/\/www.detacmed.com\/en\/dealer-login\/#primaryimage"},"thumbnailUrl":"https:\/\/www.detacmed.com\/wp-content\/uploads\/2023\/05\/IFAK-mit-Logo-279x300.png","datePublished":"2024-04-26T07:38:48+00:00","dateModified":"2024-05-29T12:44:00+00:00","breadcrumb":{"@id":"https:\/\/www.detacmed.com\/en\/dealer-login\/#breadcrumb"},"inLanguage":"en-US","potentialAction":[{"@type":"ReadAction","target":["https:\/\/www.detacmed.com\/en\/dealer-login\/"]}]},{"@type":"ImageObject","inLanguage":"en-US","@id":"https:\/\/www.detacmed.com\/en\/dealer-login\/#primaryimage","url":"https:\/\/www.detacmed.com\/wp-content\/uploads\/2023\/05\/IFAK-mit-Logo-279x300.png","contentUrl":"https:\/\/www.detacmed.com\/wp-content\/uploads\/2023\/05\/IFAK-mit-Logo-279x300.png"},{"@type":"BreadcrumbList","@id":"https:\/\/www.detacmed.com\/en\/dealer-login\/#breadcrumb","itemListElement":[{"@type":"ListItem","position":1,"name":"Home","item":"https:\/\/www.detacmed.com\/en\/homepage\/"},{"@type":"ListItem","position":2,"name":"Dealer-Login"}]},{"@type":"WebSite","@id":"https:\/\/www.detacmed.com\/en\/#website","url":"https:\/\/www.detacmed.com\/en\/","name":"DeTacMed","description":"","publisher":{"@id":"https:\/\/www.detacmed.com\/en\/#organization"},"potentialAction":[{"@type":"SearchAction","target":{"@type":"EntryPoint","urlTemplate":"https:\/\/www.detacmed.com\/en\/?s={search_term_string}"},"query-input":{"@type":"PropertyValueSpecification","valueRequired":true,"valueName":"search_term_string"}}],"inLanguage":"en-US"},{"@type":"Organization","@id":"https:\/\/www.detacmed.com\/en\/#organization","name":"DeTacMed","url":"https:\/\/www.detacmed.com\/en\/","logo":{"@type":"ImageObject","inLanguage":"en-US","@id":"https:\/\/www.detacmed.com\/en\/#\/schema\/logo\/image\/","url":"https:\/\/www.detacmed.com\/wp-content\/uploads\/2022\/06\/cropped-Logo_1.jpeg","contentUrl":"https:\/\/www.detacmed.com\/wp-content\/uploads\/2022\/06\/cropped-Logo_1.jpeg","width":999,"height":1000,"caption":"DeTacMed"},"image":{"@id":"https:\/\/www.detacmed.com\/en\/#\/schema\/logo\/image\/"}}]}},"_links":{"self":[{"href":"https:\/\/www.detacmed.com\/en\/wp-json\/wp\/v2\/pages\/4813","targetHints":{"allow":["GET"]}}],"collection":[{"href":"https:\/\/www.detacmed.com\/en\/wp-json\/wp\/v2\/pages"}],"about":[{"href":"https:\/\/www.detacmed.com\/en\/wp-json\/wp\/v2\/types\/page"}],"author":[{"embeddable":true,"href":"https:\/\/www.detacmed.com\/en\/wp-json\/wp\/v2\/users\/3"}],"replies":[{"embeddable":true,"href":"https:\/\/www.detacmed.com\/en\/wp-json\/wp\/v2\/comments?post=4813"}],"version-history":[{"count":5,"href":"https:\/\/www.detacmed.com\/en\/wp-json\/wp\/v2\/pages\/4813\/revisions"}],"predecessor-version":[{"id":6743,"href":"https:\/\/www.detacmed.com\/en\/wp-json\/wp\/v2\/pages\/4813\/revisions\/6743"}],"wp:attachment":[{"href":"https:\/\/www.detacmed.com\/en\/wp-json\/wp\/v2\/media?parent=4813"}],"curies":[{"name":"wp","href":"https:\/\/api.w.org\/{rel}","templated":true}]}}